{"id":346,"date":"2017-08-14T15:10:16","date_gmt":"2017-08-14T13:10:16","guid":{"rendered":"https:\/\/www.adap.ch\/en\/?page_id=346"},"modified":"2025-06-11T11:41:26","modified_gmt":"2025-06-11T09:41:26","slug":"donate","status":"publish","type":"page","link":"https:\/\/www.adap.ch\/en\/get-involved\/donate\/","title":{"rendered":"A gift for good"},"content":{"rendered":"<div class=\"fsn-row full-width-row fsn-69de7416810a8 light\" style=\"background-repeat:repeat;background-position:left top;background-attachment:scroll;background-size:auto;\"><div class=\"container-fluid\"><div class=\"row\"><div class=\"col-sm-12\"><div class=\"fsn-column-inner fsn-69de741681244 light\"><div class=\"fsn-text fsn-69de741681369 cadre2\">\n<p>Your generosity has a significant impact. In 2024, ADAP\u2019s administration &#8211; and communication costs in Switzerland were kept below 7,45 %.<\/p>\n<p><img loading=\"lazy\" decoding=\"async\" class=\"aligncenter wp-image-3345 size-large\" src=\"https:\/\/www.adap.ch\/en\/wp-content\/uploads\/2025\/06\/EXPENSES-2024-1-1024x704.png\" alt=\"\" width=\"525\" height=\"361\" \/><\/p>\n<ul>\n<li>Via<a href=\"https:\/\/donate.raisenow.io\/xctvg?lng=en\" target=\"_blank\" rel=\"nofollow noopener\"> Twint by clicking on the link or via the QR code<\/a><img loading=\"lazy\" decoding=\"async\" class=\"size-medium wp-image-3058 alignnone\" src=\"https:\/\/www.adap.ch\/en\/wp-content\/uploads\/2023\/12\/TWINT_Custom-Amount_EN-300x137.jpeg\" alt=\"\" width=\"300\" height=\"137\" srcset=\"https:\/\/www.adap.ch\/en\/wp-content\/uploads\/2023\/12\/TWINT_Custom-Amount_EN-300x137.jpeg 300w, https:\/\/www.adap.ch\/en\/wp-content\/uploads\/2023\/12\/TWINT_Custom-Amount_EN-1024x467.jpeg 1024w, https:\/\/www.adap.ch\/en\/wp-content\/uploads\/2023\/12\/TWINT_Custom-Amount_EN-768x350.jpeg 768w, https:\/\/www.adap.ch\/en\/wp-content\/uploads\/2023\/12\/TWINT_Custom-Amount_EN-640x292.jpeg 640w, https:\/\/www.adap.ch\/en\/wp-content\/uploads\/2023\/12\/TWINT_Custom-Amount_EN.jpeg 1087w\" sizes=\"auto, (max-width: 300px) 100vw, 300px\" \/><\/li>\n<li><a href=\"https:\/\/www.paypal.com\/cgi-bin\/webscr?cmd=_s-xclick&amp;hosted_button_id=JKQXTU7CYF7PU\" target=\"_blank\" rel=\"nofollow noopener noreferrer\">Via Paypal<br \/>\n<img decoding=\"async\" src=\"https:\/\/www.paypalobjects.com\/fr_FR\/CH\/i\/btn\/btn_donateCC_LG.gif\" alt=\"\" \/><\/a><\/li>\n<\/ul>\n<p>&nbsp;<\/p>\n<ul>\n<li>You can also make a donation to ADAP\u2019s postal account:<\/li>\n<\/ul>\n<p style=\"padding-left: 40px;\"><span style=\"font-family: Arial, Helvetica, sans-serif;\"><strong>Association pour le D\u00e9veloppement des Aires Prot\u00e9g\u00e9es<\/strong><br \/>\nRue des Savoises 15<br \/>\n<\/span><span style=\"font-family: Arial, Helvetica, sans-serif;\">1205 Gen\u00e8ve, Switzerland<\/span><br \/>\n<span style=\"font-family: Arial, Helvetica, sans-serif;\">Account number: 17-212756-1, BIC: POFICHBEXXX<\/span><br \/>\n<span style=\"font-family: arial, helvetica, sans-serif;\">IBAN: CH30 0900 0000 1721 2756 1<\/span><\/p>\n<p>&nbsp;<\/p>\n<\/div><\/div><\/div><\/div><\/div><\/div>\n","protected":false},"excerpt":{"rendered":"<p>Your generosity has a significant impact. In 2024, ADAP\u2019s administration &#8211; and communication costs in Switzerland were kept below 7,45 %. Via Twint by clicking on the link or via the QR code Via Paypal &nbsp; You can also make&hellip;<\/p>\n","protected":false},"author":1,"featured_media":1151,"parent":228,"menu_order":0,"comment_status":"closed","ping_status":"closed","template":"","meta":{"_acf_changed":false,"two_page_speed":[],"footnotes":""},"class_list":["post-346","page","type-page","status-publish","has-post-thumbnail","hentry"],"acf":[],"aioseo_notices":[],"_links":{"self":[{"href":"https:\/\/www.adap.ch\/en\/wp-json\/wp\/v2\/pages\/346","targetHints":{"allow":["GET"]}}],"collection":[{"href":"https:\/\/www.adap.ch\/en\/wp-json\/wp\/v2\/pages"}],"about":[{"href":"https:\/\/www.adap.ch\/en\/wp-json\/wp\/v2\/types\/page"}],"author":[{"embeddable":true,"href":"https:\/\/www.adap.ch\/en\/wp-json\/wp\/v2\/users\/1"}],"replies":[{"embeddable":true,"href":"https:\/\/www.adap.ch\/en\/wp-json\/wp\/v2\/comments?post=346"}],"version-history":[{"count":46,"href":"https:\/\/www.adap.ch\/en\/wp-json\/wp\/v2\/pages\/346\/revisions"}],"predecessor-version":[{"id":3346,"href":"https:\/\/www.adap.ch\/en\/wp-json\/wp\/v2\/pages\/346\/revisions\/3346"}],"up":[{"embeddable":true,"href":"https:\/\/www.adap.ch\/en\/wp-json\/wp\/v2\/pages\/228"}],"wp:featuredmedia":[{"embeddable":true,"href":"https:\/\/www.adap.ch\/en\/wp-json\/wp\/v2\/media\/1151"}],"wp:attachment":[{"href":"https:\/\/www.adap.ch\/en\/wp-json\/wp\/v2\/media?parent=346"}],"curies":[{"name":"wp","href":"https:\/\/api.w.org\/{rel}","templated":true}]}}