{"id":2668,"date":"2021-08-28T22:22:14","date_gmt":"2021-08-28T20:22:14","guid":{"rendered":"https:\/\/www.adap.ch\/en\/?page_id=2668"},"modified":"2025-04-07T17:38:28","modified_gmt":"2025-04-07T15:38:28","slug":"adap-in-the-media","status":"publish","type":"page","link":"https:\/\/www.adap.ch\/en\/adap-in-the-media\/","title":{"rendered":"ADAP and the media"},"content":{"rendered":"<ul>\r\n<li><strong>ITV, News about workshop on wild mushroom, March 2025<\/strong>\r\n<div style=\"width: 525px;\" class=\"wp-video\"><video class=\"wp-video-shortcode\" id=\"video-2668-1\" width=\"525\" height=\"295\" preload=\"metadata\" controls=\"controls\"><source type=\"video\/mp4\" src=\"https:\/\/www.adap.ch\/en\/wp-content\/uploads\/2025\/01\/WhatsApp-Video-2025-03-06-at-20.11.13.mp4?_=1\" \/><a href=\"https:\/\/www.adap.ch\/en\/wp-content\/uploads\/2025\/01\/WhatsApp-Video-2025-03-06-at-20.11.13.mp4\">https:\/\/www.adap.ch\/en\/wp-content\/uploads\/2025\/01\/WhatsApp-Video-2025-03-06-at-20.11.13.mp4<\/a><\/video><\/div>\r\n<span style=\"font-size: 10pt;\">\u00a9 ITV, 2025<\/span><\/li>\r\n<li><strong>F\u00e9d\u00e9ration Genevoise de coop\u00e9ration, &#8220;Panel discussion on climate and cooperation&#8221;,\u00a0 May 2024<\/strong><\/li>\r\n<\/ul>\r\n<p><iframe loading=\"lazy\" title=\"YouTube video player\" src=\"https:\/\/www.youtube.com\/embed\/n77UMw-TQQk?si=Spz52G6e_eV27Vk0\" width=\"560\" height=\"315\" frameborder=\"0\" allowfullscreen=\"allowfullscreen\"><\/iframe><\/p>\r\n<p><span style=\"font-size: 10pt;\">\u00a9F\u00e9d\u00e9ration Genevoise de Coop\u00e9ration, 2024<\/span><\/p>\r\n<ul>\r\n<li><strong>L\u00e9man Bleu, broadcast &#8220;Esprit Solidaire&#8221;, Mushrooms,\u00a0 May 2024<br \/><\/strong><\/li>\r\n<\/ul>\r\n<div style=\"width: 525px;\" class=\"wp-video\"><video class=\"wp-video-shortcode\" id=\"video-2668-2\" width=\"525\" height=\"295\" preload=\"metadata\" controls=\"controls\"><source type=\"video\/mp4\" src=\"https:\/\/www.adap.ch\/en\/wp-content\/uploads\/2025\/01\/2024_LB_ADAP_mushroom_subtitles.mp4?_=2\" \/><a href=\"https:\/\/www.adap.ch\/en\/wp-content\/uploads\/2025\/01\/2024_LB_ADAP_mushroom_subtitles.mp4\">https:\/\/www.adap.ch\/en\/wp-content\/uploads\/2025\/01\/2024_LB_ADAP_mushroom_subtitles.mp4<\/a><\/video><\/div>\r\n<p><span style=\"font-size: 10pt;\">\u00a9Leman Bleu, 2024<\/span><\/p>\r\n<ul>\r\n<li><strong>L\u00e9man Bleu, broadcast &#8220;Esprit Solidaire&#8221;, Community-based forest management, November 2023<\/strong><\/li>\r\n<\/ul>\r\n<div style=\"width: 525px;\" class=\"wp-video\"><video class=\"wp-video-shortcode\" id=\"video-2668-3\" width=\"525\" height=\"295\" preload=\"metadata\" controls=\"controls\"><source type=\"video\/mp4\" src=\"https:\/\/www.adap.ch\/en\/wp-content\/uploads\/2025\/04\/2023_LB_ADAP_forest_management-1080p.mp4?_=3\" \/><a href=\"https:\/\/www.adap.ch\/en\/wp-content\/uploads\/2025\/04\/2023_LB_ADAP_forest_management-1080p.mp4\">https:\/\/www.adap.ch\/en\/wp-content\/uploads\/2025\/04\/2023_LB_ADAP_forest_management-1080p.mp4<\/a><\/video><\/div>\r\n<p><span style=\"font-size: 10pt;\"><span class=\"st\">\u00a9<\/span> L\u00e9man Bleu, 2023 \u00a0<\/span><\/p>\r\n<ul>\r\n<li><strong>L\u00e9man Bleu, broadcast &#8220;Esprit Solidaire&#8221;, Beekeping, January 2019<\/strong><\/li>\r\n<\/ul>\r\n<div style=\"width: 525px;\" class=\"wp-video\"><video class=\"wp-video-shortcode\" id=\"video-2668-4\" width=\"525\" height=\"295\" preload=\"metadata\" controls=\"controls\"><source type=\"video\/mp4\" src=\"https:\/\/www.adap.ch\/en\/wp-content\/uploads\/2024\/06\/ADAP_LB_beekeeping_zone_2019_EN.mp4?_=4\" \/><a href=\"https:\/\/www.adap.ch\/en\/wp-content\/uploads\/2024\/06\/ADAP_LB_beekeeping_zone_2019_EN.mp4\">https:\/\/www.adap.ch\/en\/wp-content\/uploads\/2024\/06\/ADAP_LB_beekeeping_zone_2019_EN.mp4<\/a><\/video><\/div>\r\n<p><span style=\"font-size: 8pt;\"><span class=\"st\">\u00a9<\/span> L\u00e9man Bleu, 2019\u00a0\u00a0\u00a0 <\/span>Link to the news <a href=\"https:\/\/www.adap.ch\/en\/inyonga-project-leman-bleu\/\">ADAP on L\u00e9man Bleu<\/a>.<\/p>\r\n<ul>\r\n<li><b><strong>Tribune de Gen\u00e8ve, special pages Climate and Development, 25-26 May 2024<br \/><\/strong><\/b><\/li>\r\n<\/ul>\r\n<p><img loading=\"lazy\" decoding=\"async\" class=\"alignleft wp-image-3139 size-full\" src=\"https:\/\/www.adap.ch\/en\/wp-content\/uploads\/2024\/06\/2024_05_25_tribune_climat-et-developpement_ADAP-scaled.jpg\" alt=\"\" width=\"2560\" height=\"1118\" srcset=\"https:\/\/www.adap.ch\/en\/wp-content\/uploads\/2024\/06\/2024_05_25_tribune_climat-et-developpement_ADAP-scaled.jpg 2560w, https:\/\/www.adap.ch\/en\/wp-content\/uploads\/2024\/06\/2024_05_25_tribune_climat-et-developpement_ADAP-300x131.jpg 300w, https:\/\/www.adap.ch\/en\/wp-content\/uploads\/2024\/06\/2024_05_25_tribune_climat-et-developpement_ADAP-1024x447.jpg 1024w, https:\/\/www.adap.ch\/en\/wp-content\/uploads\/2024\/06\/2024_05_25_tribune_climat-et-developpement_ADAP-768x335.jpg 768w, https:\/\/www.adap.ch\/en\/wp-content\/uploads\/2024\/06\/2024_05_25_tribune_climat-et-developpement_ADAP-640x279.jpg 640w, https:\/\/www.adap.ch\/en\/wp-content\/uploads\/2024\/06\/2024_05_25_tribune_climat-et-developpement_ADAP-1536x671.jpg 1536w, https:\/\/www.adap.ch\/en\/wp-content\/uploads\/2024\/06\/2024_05_25_tribune_climat-et-developpement_ADAP-2048x894.jpg 2048w, https:\/\/www.adap.ch\/en\/wp-content\/uploads\/2024\/06\/2024_05_25_tribune_climat-et-developpement_ADAP-600x262.jpg 600w\" sizes=\"auto, (max-width: 2560px) 100vw, 2560px\" \/><\/p>\r\n<p>&nbsp;<\/p>\r\n<ul>\r\n<li><b><strong>Tribune de Gen\u00e8ve, special pages SDGs, 29-30 September 2018<\/strong><\/b><\/li>\r\n<\/ul>\r\n<p><img loading=\"lazy\" decoding=\"async\" class=\"alignnone wp-image-2165 size-full\" src=\"https:\/\/www.adap.ch\/wp-content\/uploads\/2018\/10\/Trib_Gen_ODD3.png\" alt=\"\" width=\"828\" height=\"509\" \/><\/p>\r\n<p>\u00a9 TDG, 2018 Link to the news <a href=\"https:\/\/www.adap.ch\/en\/adap-is-in-the-tribune-de-geneve\/\">ADAP in the Tribune de Gen\u00e8ve<\/a>.<strong><br \/><\/strong><\/p>\r\n<p>&nbsp;<\/p>\r\n<ul>\r\n<li><strong>ADAP support for sanitary supplies for the schools in the Mlele District, 2020<\/strong><\/li>\r\n<\/ul>\r\n<p><\/p>\r\n<figure class=\"wp-block-video\">\r\n<div style=\"width: 525px;\" class=\"wp-video\"><video class=\"wp-video-shortcode\" id=\"video-2668-5\" width=\"525\" height=\"289\" preload=\"metadata\" controls=\"controls\"><source type=\"video\/mp4\" src=\"https:\/\/www.adap.ch\/wp-content\/uploads\/2020\/12\/VID-20200803-WA0010.mp4?_=5\" \/><a href=\"https:\/\/www.adap.ch\/wp-content\/uploads\/2020\/12\/VID-20200803-WA0010.mp4\">https:\/\/www.adap.ch\/wp-content\/uploads\/2020\/12\/VID-20200803-WA0010.mp4<\/a><\/video><\/div>\r\n<figcaption><span style=\"font-size: 8pt;\">\u00a9 ITV, 2020<\/span><\/figcaption>\r\n<\/figure>\r\n<ul>\r\n<li><b><strong>RSR, Espace 2, broadcast &#8216;Le meilleur des mondes&#8217;, 2007<\/strong><\/b><\/li>\r\n<\/ul>\r\n<p>(re)discover an interview conducted by Anik Schuin for her radio show &#8220;Le meilleur des mondes&#8221;, on Espace 2. An hour of conversation with Yves Hausser, a privileged moment of a rare duration on the radio. Yves will share with us his experience of ADAP and his way of seeing the world.<\/p>\r\n<audio class=\"wp-audio-shortcode\" id=\"audio-2668-1\" preload=\"none\" style=\"width: 100%;\" controls=\"controls\"><source type=\"audio\/mpeg\" src=\"https:\/\/www.adap.ch\/wp-content\/uploads\/2019\/07\/RSR-le-meilleur-des-mondes.mp3?_=1\" \/><a href=\"https:\/\/www.adap.ch\/wp-content\/uploads\/2019\/07\/RSR-le-meilleur-des-mondes.mp3\">https:\/\/www.adap.ch\/wp-content\/uploads\/2019\/07\/RSR-le-meilleur-des-mondes.mp3<\/a><\/audio>\r\n<p><span style=\"font-size: 8pt;\"><span class=\"st\">\u00a9<\/span> RSR, 2007\u00a0<\/span><\/p>\r\n\r\n<table style=\"width: 100%; border-collapse: collapse; border-color: #000000; height: 673px;\">\r\n<tbody>\r\n<tr style=\"height: 53px;\">\r\n<td style=\"width: 50%; height: 53px;\">\r\n<ul>\r\n<li><strong>The Burkinabe project in\u00a0 &#8216;Le Lanc\u00e9en\u2019 n\u00b0222<\/strong><\/li>\r\n<\/ul>\r\n<\/td>\r\n<td style=\"width: 50%; height: 53px;\">\u00a0\r\n<p>&nbsp;<\/p>\r\n<ul>\r\n<li><strong>The Selous-Niassa corridor project in \u2018Ouverture sur Plan-les-Ouates\u2019 n\u00b06<\/strong><\/li>\r\n<\/ul>\r\n<p>&nbsp;<\/p>\r\n<\/td>\r\n<\/tr>\r\n<tr style=\"height: 620px;\">\r\n<td style=\"width: 50%; height: 620px;\">\r\n<p class=\"entry-title test\"><strong><img loading=\"lazy\" decoding=\"async\" class=\"alignleft wp-image-2669 size-full\" src=\"https:\/\/www.adap.ch\/wp-content\/uploads\/2020\/10\/lancy222.png\" alt=\"\" width=\"336\" height=\"720\" \/><\/strong><\/p>\r\n<\/td>\r\n<td style=\"width: 50%; height: 620px;\">\r\n<p class=\"entry-title\"><strong><img loading=\"lazy\" decoding=\"async\" class=\"alignleft wp-image-2670 size-full\" src=\"https:\/\/www.adap.ch\/wp-content\/uploads\/2020\/10\/Selous_PLO.png\" alt=\"\" width=\"524\" height=\"720\" \/><\/strong><\/p>\r\n<\/td>\r\n<\/tr>\r\n<\/tbody>\r\n<\/table>\r\n<p>&nbsp;<\/p>\r\n<table style=\"border-collapse: collapse; width: 100%;\">\r\n<tbody>\r\n<tr>\r\n<td style=\"width: 50%;\">\r\n<ul>\r\n<li><strong>The Burkinabe project in \u2018Vivre Carouge\u2019 n\u00b063<br \/><\/strong>In 2014, ten years after the launch of the Burkina Faso project \u201cFauna and development in the periphery of the fauna reserve of Pama-Arly\u201d, the town of Carouge presents its partnerships with the FGC and its support to ADAP.<\/li>\r\n<\/ul>\r\n<p><a href=\"https:\/\/www.adap.ch\/wp-content\/uploads\/2020\/10\/VivreCarouge-n\u00b063-FGC-ADAP.pdf\">PDF VivreCarouge-n\u00b063-FGC-ADAP<\/a><img loading=\"lazy\" decoding=\"async\" class=\"alignleft wp-image-2663 size-large\" src=\"https:\/\/www.adap.ch\/wp-content\/uploads\/2020\/10\/VivreCarouge-n\u00b063-FGC-ADAP_Page_1-776x1024.jpg\" alt=\"\" width=\"525\" height=\"693\" \/><\/p>\r\n<\/td>\r\n<td style=\"width: 50%;\">\u00a0\r\n<p>&nbsp;<\/p>\r\n<ul>\r\n<li><strong>The Malagasi project in Midi Madagasikara, 2018<br \/><\/strong><\/li>\r\n<\/ul>\r\n<p><a href=\"http:\/\/www.midi-madagasikara.mg\/societe\/2018\/04\/18\/association-pour-le-developpement-des-aires-protegees-pour-une-gestion-durable-des-forets-limitrophes-du-parc-national-mikea\/\"><img loading=\"lazy\" decoding=\"async\" class=\"alignright wp-image-2092 size-full\" src=\"https:\/\/www.adap.ch\/wp-content\/uploads\/2018\/04\/ADAP_proketMikea-\u2013-Midi-Madagasikara-e1607587752945.png\" alt=\"\" width=\"868\" height=\"1511\" \/><\/a><\/p>\r\n<\/td>\r\n<\/tr>\r\n<\/tbody>\r\n<\/table>\r\n<p>&nbsp;<\/p>","protected":false},"excerpt":{"rendered":"<p>ITV, News about workshop on wild mushroom, March 2025 \u00a9 ITV, 2025 F\u00e9d\u00e9ration Genevoise de coop\u00e9ration, &#8220;Panel discussion on climate and cooperation&#8221;,\u00a0 May 2024 \u00a9F\u00e9d\u00e9ration Genevoise de Coop\u00e9ration, 2024 L\u00e9man Bleu, broadcast &#8220;Esprit Solidaire&#8221;, Mushrooms,\u00a0 May 2024 \u00a9Leman Bleu, 2024&hellip;<\/p>\n","protected":false},"author":1,"featured_media":1158,"parent":0,"menu_order":0,"comment_status":"closed","ping_status":"closed","template":"","meta":{"_acf_changed":false,"two_page_speed":[],"footnotes":""},"class_list":["post-2668","page","type-page","status-publish","has-post-thumbnail","hentry"],"acf":[],"aioseo_notices":[],"_links":{"self":[{"href":"https:\/\/www.adap.ch\/en\/wp-json\/wp\/v2\/pages\/2668","targetHints":{"allow":["GET"]}}],"collection":[{"href":"https:\/\/www.adap.ch\/en\/wp-json\/wp\/v2\/pages"}],"about":[{"href":"https:\/\/www.adap.ch\/en\/wp-json\/wp\/v2\/types\/page"}],"author":[{"embeddable":true,"href":"https:\/\/www.adap.ch\/en\/wp-json\/wp\/v2\/users\/1"}],"replies":[{"embeddable":true,"href":"https:\/\/www.adap.ch\/en\/wp-json\/wp\/v2\/comments?post=2668"}],"version-history":[{"count":29,"href":"https:\/\/www.adap.ch\/en\/wp-json\/wp\/v2\/pages\/2668\/revisions"}],"predecessor-version":[{"id":3322,"href":"https:\/\/www.adap.ch\/en\/wp-json\/wp\/v2\/pages\/2668\/revisions\/3322"}],"wp:featuredmedia":[{"embeddable":true,"href":"https:\/\/www.adap.ch\/en\/wp-json\/wp\/v2\/media\/1158"}],"wp:attachment":[{"href":"https:\/\/www.adap.ch\/en\/wp-json\/wp\/v2\/media?parent=2668"}],"curies":[{"name":"wp","href":"https:\/\/api.w.org\/{rel}","templated":true}]}}