{"id":204,"date":"2017-08-04T15:55:15","date_gmt":"2017-08-04T13:55:15","guid":{"rendered":"https:\/\/www.adap.ch\/en\/?page_id=204"},"modified":"2026-03-18T08:40:00","modified_gmt":"2026-03-18T07:40:00","slug":"research","status":"publish","type":"page","link":"https:\/\/www.adap.ch\/en\/research\/","title":{"rendered":"Research"},"content":{"rendered":"<div class=\"fsn-row full-width-row fsn-69e1cf201d91c light\" style=\"background-repeat:repeat;background-position:left top;background-attachment:scroll;background-size:auto;\"><div class=\"container-fluid\"><div class=\"row\"><div class=\"col-sm-12\"><div class=\"fsn-column-inner fsn-69e1cf201dbc4 light\"><div class=\"fsn-text fsn-69e1cf201de23 cadre2\">\n<p>ADAP projects have facilitated research partnerships with Swiss universities (HEPIA, UNIL, EPFL, IHEID), and Tanzanian universities (Sokoine University of Agriculture).\u00a0Undergraduate -, graduate -, as well as postgraduate students were part of their research teams.<\/p>\n<h2>Scholarly articles<\/h2>\n<p><a href=\"https:\/\/www.adap.ch\/wp-content\/uploads\/2026\/03\/2026_Novovitch_et_al_Assessing_Impact_Ipole.pdf\">Novovitch, L. H., Villard L., Fischer C., Hausser Y., Mermod S., Arlettaz R., Ausprey I. (2026). Assessing the Impact of Human Presence on Mammal Distributions Within a Community Conservation Area in East Africa. African Journal of Ecology, 64, no. 2: e70145. <\/a><a class=\"linkBehavior\" href=\"https:\/\/doi.org\/10.1111\/aje.70145\">https:\/\/doi.org\/10.1111\/aje.70145<\/a><a href=\"https:\/\/www.adap.ch\/wp-content\/uploads\/2026\/03\/2026_Novovitch_et_al_Assessing_Impact_Ipole.pdf\">.<\/a><\/p>\n<p><a href=\"https:\/\/www.adap.ch\/en\/wp-content\/uploads\/2026\/03\/ArturuA_MngongoM.E._FoodChemistryAdvances_Mushroom-species_2026.pdf\">Arturu A. M., Mng&#8217;ong&#8217;o M. E. (2026). Nutritional content assessment of selected wild edible mushroom species and its comparison to cultivated mushroom species in Tanzanie. Elsevier Ltd. Food Chemistry Advances 11. 101274 \u00a01-10.<\/a> <a href=\"https:\/\/doi.org\/10.1016\/j.focha.2026.101274\">https:\/\/doi.org\/10.1016\/j.focha.2026.101274<\/a><\/p>\n<p><a href=\"https:\/\/www.adap.ch\/en\/wp-content\/uploads\/2024\/07\/Conservation-Biology-2023-White-Facilitating-biodiversity-conservation-through-partnerships-to-achieve-transformative2.pdf\" target=\"_blank\" rel=\"noopener\">White, R. M., Schmook, B., Calm\u00e9, S., Giordano, A. J., Hausser, Y., Kimmel, L., Lecuyer, L., Lucherini, M., M\u00e9ndez-Medina, C., &amp; Pe\u00f1a-Mondrag\u00f3n, J. L. (2023). Facilitating biodiversity conservation through partnerships to achieve transformative outcomes. Conservation Biology, 37, e14057.<\/a><\/p>\n<div class=\"clearfix\">\n<div class=\"grid__row\">\n<p><a href=\"http:\/\/onlinelibrary.wiley.com\/doi\/10.1111\/aje.12301\/abstract\" target=\"_blank\" rel=\"noopener noreferrer\">Hausser, Y., Tagand, R., Vimercati, E., Mermod, S. and Fischer, C. (2017), Comparing survey methods to assess the conservation value of a community-managed protected area in western Tanzania. Afr. J. Ecol., 55: 1\u201311. doi:10.1111\/aje.12301<\/a><\/p>\n<p><a href=\"http:\/\/www.smallcarnivoreconservation.org\/issue-48.html\" target=\"_blank\" rel=\"noopener noreferrer\">Fischer, C., R. Tagand and Y. Hausser (2013) Diversity and distribution of small carnivores in the miombo woodlands of Katavi region, Western Tanzania. Small Carnivores Conservation, <span class=\"skimlinks-unlinked\">Vol.48:60-66<\/span>.<\/a><\/p>\n<p><a href=\"https:\/\/link.springer.com\/article\/10.1007\/s10531-009-9667-6\" target=\"_blank\" rel=\"noopener noreferrer\">Hausser, Y., H. Weber and B. Meyer (2009) Bees, farmers, tourists and hunters: conflict dynamics around western Tanzania protected areas. Biodiversity and Conservation Vol. 18, pp. 2679 &#8211; 270.<\/a><\/p>\n<p><a href=\"https:\/\/www.researchgate.net\/publication\/275272953_Beekeeping_in_Tanzania_When_the_bees_get_out_of_the_woods_An_innovative_cross-sectoral_approach_to_communitybased_natural_resource_management\" target=\"_blank\" rel=\"noopener noreferrer\">Hausser, Y. &amp; P. Mpuya (2004) When the bees get out of the woods: an innovative cross \u2013 sectoral approach to community based natural resource management, Game and Wildlife Science 21 (3):291-312.<\/a><\/p>\n<\/div>\n<\/div>\n<div class=\"grid__row\"><\/div>\n<h2 class=\"grid__row\">Studies and consultancies<\/h2>\n<p><a href=\"https:\/\/www.adap.ch\/wp-content\/uploads\/2025\/04\/2025_02_workshop_mushroooms_full_report.pdf\" target=\"_blank\" rel=\"noopener\">Association pour le D\u00e9veloppement des Aires Prot\u00e9g\u00e9es, Tanzania Forestry Research Institute, Adansonia Consulting (2025) National workshop on wild edible mushrooms. Full report, 35p<\/a>.<\/p>\n<p><a href=\"https:\/\/www.adap.ch\/en\/wp-content\/uploads\/2025\/08\/2025_Final-HWC-Coexistance-Report_ADAP.pdf\">Kombe, O. (2025) Human-wildlife conflict and coexistence in Mlele District, Katavi Region. Consultancy report submitted to ADAP, 80p.<\/a><\/p>\n<p><a href=\"https:\/\/www.adap.ch\/en\/wp-content\/uploads\/2024\/07\/Vegetation-survey-Ipole-WMA.Final_.pdf\" target=\"_blank\" rel=\"noopener\">Bloesch U. (2024) Vegetation survey in Ipole Wildlife Management Area. Adansonia Consulting, 90p.<\/a><\/p>\n<p><a href=\"https:\/\/www.adap.ch\/en\/wp-content\/uploads\/2024\/07\/Vegetation-survey-Mulele-Hills-FR-Reserve.Final_.2.7.23.pdf\" target=\"_blank\" rel=\"noopener\">Bloesch U. (2023) Vegetation survey in Mulele Hills Forest Reserve 2021 Katavi-Ugalla Corridor. Adansonia Consulting, 62p.<\/a><\/p>\n<p><a href=\"https:\/\/www.adap.ch\/en\/wp-content\/uploads\/2024\/07\/Mushroom-report_7.6.22_Final_Rungwa_Mlele-Copie.pdf\" target=\"_blank\" rel=\"noopener\">Bloesch U (2022) The added value chain for wild edible mushrooms in Katavi and Tabora regions. Stage 1: Baseline data, training and strategy. Co-management of Rungwa and Katavi-Ugalla corridors forest. Adansonia Consulting, 37p.<\/a><\/p>\n<p><a href=\"https:\/\/www.adap.ch\/en\/wp-content\/uploads\/2024\/07\/Vegetation-survey-Rungwa-Corridor.2.1.2022.Final_.pdf\" target=\"_blank\" rel=\"noopener\">Bloesch U. (2022) Vegetation survey in Rungwa Corridor 2020-2021. Adansonia Consulting, 94p.<\/a><\/p>\n<p><a href=\"https:\/\/www.adap.ch\/en\/wp-content\/uploads\/2024\/07\/Mushroom-study-Rungwa-Corridor.final_.pdf\" target=\"_blank\" rel=\"noopener\">Bloesch U. (2020) Abundance and marketing potential of wild mushrooms. Community-based forest management of the Rungwa corridor. Adansonia Consulting, 33p.<\/a><\/p>\n<p><a href=\"https:\/\/www.adap.ch\/en\/wp-content\/uploads\/2019\/05\/Vegetation-survey-2018-Mlele-BKZ.pdf\">Bloesch, U. (2018) Vegetation survey of Mlele Beekeeping Zone in 2018. Adansonia Consulting, 73p.<\/a><\/p>\n<p><a href=\"https:\/\/www.adap.ch\/en\/wp-content\/uploads\/2017\/12\/2015_retour_experience_afaudeb_zovic.pdf\">Association Faune et D\u00e9veloppement au Burkina (2015) Les ZOVIC &#8211; Mise en place et acquis. Retours d&#8217;exp\u00e9rience de l&#8217;AFAUDEB dans l&#8217;accompagnement des Zones Villageoises d&#8217;Int\u00e9r\u00eat Cyn\u00e9g\u00e9tique. Avec le soutien de l&#8217;ADAP, FFEM et UICN. 27p.<\/a><\/p>\n<p><a href=\"https:\/\/www.adap.ch\/en\/wp-content\/uploads\/2017\/12\/Kayombo_Mpinga_Natai_2013.pdf\">Kayombo, C. J., Mpinga, I., Natai, H. (2013) Melliferous Status and Activities Endangering Tree Species Composition and Diversity Survey of Mlele Bee Keeping Zone (Mbkz), in Mlele District, Katavi Region-Tanzania. Report to the Association for Development of Protected Areas (ADAP). Consultancy carried out by the Forestry Training Institute-Olmotonyi, Arusha-Tanzania.<\/a><\/p>\n<p><a href=\"https:\/\/www.adap.ch\/en\/wp-content\/uploads\/2017\/12\/mushrooms_guide_Adansonia_consulting.pdf\">Adansonia-Consulting (2009) Wild edible mushrooms from the Selous-Niassa Wildlife Corridor in Ruvuma Region, Tanzania (field guide), 20p.<\/a><\/p>\n<p><a href=\"https:\/\/www.adap.ch\/en\/wp-content\/uploads\/2017\/12\/SNWC-ADAP-Mushroom-Study-Part-2-March-2009.pdf\">Bloesch, U. &amp; Mbago, F. (2009) Wild edible mushrooms and their marketing potential in the Selous-Niassa Wildlife Corridor, Tanzania. Second study (28\/2 \u2013 21\/3\/09), Adansonia consulting and the University of Dar es Salaam, 36p.<\/a><\/p>\n<p><a href=\"https:\/\/www.adap.ch\/en\/wp-content\/uploads\/2017\/12\/SNWC-ADAP-Mushroom-Study-Part-1-April-2008.pdf\">Bloesch, U. &amp; Mbago, F. (2009) The potential of wild edible mushrooms in the miombo woodlands of the Selous-Niassa Wildlife Corridor for the livelihood improvement of the local population. Adansonia consulting and the University of Dar es Salaam in collaboration with ADAP, MNRT, UNEP and GIZ, 36p.<\/a><\/p>\n<p><a href=\"https:\/\/www.adap.ch\/en\/wp-content\/uploads\/2017\/12\/SNWC_Vegetation_Study_2006.pdf\">Bloesch, U. &amp; Mbago, F. (2006) Vegetation study, biodiversity, conservation values and management strategies. Adansonia consulting and the University of Dar es Salaam in collaboration with ADAP,MNRT, UNEP and GIZ, 70p.<\/a><\/p>\n<h2 class=\"grid__row\">Theses<\/h2>\n<ul>\n<li><a href=\"https:\/\/www.adap.ch\/en\/wp-content\/uploads\/2023\/12\/2023_Msc_LNovovitch_UNIBE.pdf\">Novovitch, L. (2023). Assessing the impact of human disturbance on mammal distributions within a community conserved area in east Africa. (master&#8217;s thesis, unpublished). Division of Conservation Biology, University of Bern, Switzerland.<\/a><\/li>\n<li><a href=\"https:\/\/www.adap.ch\/en\/wp-content\/uploads\/2024\/08\/Pizarro-Solar_MM_2022.pdf\">Pizarro Solar, R. (2022) Contribution to status assessment of the African wild dog populations in western Tanzania. Telemetry of an African wild dog in Katavi-Rukwa ecosystem. (Travail de master, non publi\u00e9) Haute Ecole du paysage, d&#8217;ing\u00e9nierie et d&#8217;architecture (hepia) de Gen\u00e8ve, Natural Resources Management, Switzerland.<\/a><\/li>\n<li><a href=\"https:\/\/www.adap.ch\/en\/2019_mls_lucile_daudet_compressed\/\" target=\"_blank\" rel=\"noopener\">Daudet, L. (2019). Integrating impact evaluation in the design and implementation of monitoring in Mlele Beekeeping Zone, Tanzania. (master&#8217;s thesis unpublished). Haute Ecole du paysage, d\u2019ing\u00e9nierie et d\u2019architecture (hepia) de Gen\u00e8ve, Natural Resources Management in Catchments, Switzerland.<\/a><\/li>\n<li><a href=\"https:\/\/www.adap.ch\/en\/wp-content\/uploads\/2023\/06\/Zurkinden_MLS_2019_web.pdf\">Zurkinden, D. (2019). Using camera traps to investigate factors explaining variation in species richness, relative abundance and occupancy of carnivores in western Tanzania protected areas. (master&#8217;s thesis, unpublished). Haute Ecole du paysage, d\u2019ing\u00e9nierie et d\u2019architecture (hepia) de Gen\u00e8ve, Natural Resources Management in Catchments, Switzerland.<\/a><\/li>\n<li><a href=\"https:\/\/www.adap.ch\/wp-content\/uploads\/2018\/12\/TB-Fabrice-Buffard_web.pdf\">Buffard, F. (2018). Key determinant of the species richness, distribution and abundancy of medium and large mammals in a dry forest ecosystem: environmental or anthropogenic factors? (travail de bachelor, non-publi\u00e9). Haute Ecole du paysage, d\u2019ing\u00e9nierie et d\u2019architecture (hepia) de Gen\u00e8ve, Fili\u00e8re gestion de la nature, Suisse.<\/a><\/li>\n<li><a href=\"https:\/\/www.adap.ch\/en\/wp-content\/uploads\/2017\/12\/Zurkinden_TB_2017_web-1.pdf\">Zurkinden, D. (2017). Etude de l\u2019abondance relative et de la structure d\u2019une communaut\u00e9 de carnivores dans un \u00e9cosyst\u00e8me de for\u00eat s\u00e8che sur une base de donn\u00e9es de pi\u00e8ges photographiques. (travail de bachelor, non-publi\u00e9). Haute Ecole du paysage, d&#8217;ing\u00e9nierie et d&#8217;architecture (hepia) de Gen\u00e8ve, Fili\u00e8re gestion de la nature, Suisse.<\/a><\/li>\n<li><a href=\"https:\/\/www.adap.ch\/en\/wp-content\/uploads\/2017\/12\/Mermod_MM_2016-1.pdf\">Mermod, S. (2016). What does the future hold for the Mlele District Forest Reserves? The interaction of the social, political, and ecological spheres in Tanzania\u2019s Katavi Region. (master\u2019s thesis unpublished). University of Lausanne, Geography and sustainability Institute, Switzerland.<\/a><\/li>\n<li><a href=\"https:\/\/www.adap.ch\/en\/wp-content\/uploads\/2017\/12\/Stampfli_MLS_2016-1.pdf\">Stampfli, V. (2016). La richesse sp\u00e9cifique, la fr\u00e9quence de capture et la distribution des mammif\u00e8res comme outils de comparaison entre deux aires prot\u00e9g\u00e9es de la Tanzanie de l\u2019ouest (master\u2019s thesis unpublished). Haute Ecole du paysage, d&#8217;ing\u00e9nierie et d&#8217;architecture (hepia) de Gen\u00e8ve, Natural Resources Management in Catchments, Switzerland.<\/a><\/li>\n<li><a href=\"https:\/\/www.adap.ch\/en\/wp-content\/uploads\/2017\/12\/Delisle_TB_web-1.pdf\">Delisle, L. (2014) Evaluation comparative de la valeur de conservation de diff\u00e9rentes aires prot\u00e9g\u00e9es tanzaniennes par le biais de pi\u00e8ges photographiques. (travail de bachelor, non-publi\u00e9). Haute Ecole du paysage, d&#8217;ing\u00e9nierie et d&#8217;architecture (hepia) de Gen\u00e8ve, Fili\u00e8re gestion de la nature, Suisse.<\/a><\/li>\n<li><a href=\"https:\/\/www.adap.ch\/en\/wp-content\/uploads\/2017\/12\/Didier_TB_2014-1.pdf\">Didier, R. (2014). Evaluation And Amendment Of Mlele Beekeeping Zone Management Plan, Tanzania &#8211; A Case Of Community-Based Natural Resources Management (bachelor\u2019s thesis, unpublished). Haute Ecole du paysage, d&#8217;ing\u00e9nierie et d&#8217;architecture (hepia) de Gen\u00e8ve, Gestion de la nature, Switzerland.<\/a><\/li>\n<li><a href=\"https:\/\/www.adap.ch\/en\/wp-content\/uploads\/2017\/12\/Weber_MM_2013.pdf\">Weber, H. (2013). The Tanzanian Beekeeping Zone model, when actors\u2019 environmentalities reconcile to turn traditional beekeepers into environmental subjects. (master\u2019s thesis unpublished). University of Lausanne, Geography and sustainability Institute, Switzerland.<\/a><\/li>\n<li><a href=\"https:\/\/www.adap.ch\/en\/wp-content\/uploads\/2017\/12\/Mermod_TB_2012-1.pdf\">Mermod, S. (2012). Etude et comparaison de la diversit\u00e9 sp\u00e9cifique des moyens et grands mammif\u00e8res de deux aires prot\u00e9g\u00e9es \u00e0 statut de protection diff\u00e9rent, Rukwa Game Reserve et Mlele Beekeeping Zone, r\u00e9gion de Katavi \u2013 Tanzanie (travail de bachelor, non-publi\u00e9). Haute Ecole du paysage, d&#8217;ing\u00e9nierie et d&#8217;architecture (hepia) de Gen\u00e8ve, Fili\u00e8re gestion de la nature, Suisse.<\/a><\/li>\n<li><a href=\"https:\/\/www.adap.ch\/en\/wp-content\/uploads\/2017\/12\/TB_Haesler_2011-1.pdf\">Haesler, S. (2011) Etude des savoirs \u00e9cologiques traditionnels des apiculteurs Wakonongo, Mpanda, Rukwa, en vue d\u2019une valorisation dans le cadre de la gestion moderne de l\u2019apiculture en Tanzanie(travail de bachelor, non-publi\u00e9). Haute Ecole du paysage, d&#8217;ing\u00e9nierie et d&#8217;architecture (hepia) de Gen\u00e8ve, Fili\u00e8re gestion de la nature, Suisse.<\/a><\/li>\n<li><a href=\"https:\/\/www.adap.ch\/en\/wp-content\/uploads\/2017\/12\/Kabore_these_2010-1.pdf\">Kabore, A. (2010) Brousse des uns, aire prot\u00e9g\u00e9e des autres. Histoire du peuplement, perceptions de la nature et politique des aires prot\u00e9g\u00e9es dans le Gourma burkinab\u00e8: l\u2019exemple de la R\u00e9serve partielle de faune de Pama, Th\u00e8se de Doctorat en \u00e9tudes du d\u00e9veloppement, Hautes Etudes Internationales et du D\u00e9veloppement, Gen\u00e8ve, 383p.<\/a><\/li>\n<li><a href=\"https:\/\/www.adap.ch\/en\/wp-content\/uploads\/2017\/12\/Gelsi_TB_2009_web-1.pdf\">Gelsi. Th. (2009) Conception et mise en oeuvre d&#8217;une offre de tourisme communautaire dans la r\u00e9gion d&#8217;Inyonga Tanzanie, M\u00e9moire de bachelor, Haute Ecole du Paysage, de l&#8217;Ing\u00e9nierie et de l&#8217;Architecture, Gen\u00e8ve, 64p.<\/a><\/li>\n<li><a href=\"https:\/\/www.adap.ch\/en\/wp-content\/uploads\/2017\/12\/Dias_TB_2009-1.pdf\">Dias, M. L. (2009) Etude de faisabilit\u00e9 d&#8217;exportation du miel en Europe et du d\u00e9veloppement des certifications pour une valorisation soutenable de l&#8217;apiculture dans la division d&#8217;Inyonga, Tanzanie, M\u00e9moire de dipl\u00f4me, Ecole d&#8217;ing\u00e9nieur de Lullier, Gen\u00e8ve, 82p.<\/a><\/li>\n<li><a href=\"https:\/\/www.adap.ch\/en\/wp-content\/uploads\/2017\/12\/Vimercati_TB_2009_web-1.pdf\">Vimercati, E. (2009) Comparaison de diff\u00e9rentes m\u00e9thodes de comptage pour le monitoring de la moyenne et grande faune dans la Beekeeping Zone d&#8217;Inyonga, ouest de la Tanzanie. Th\u00e8se de bachelor en gestion de la nature, hepia, 44p.<\/a><\/li>\n<li><a href=\"https:\/\/www.adap.ch\/en\/wp-content\/uploads\/2017\/12\/Juget_TB_2008-1.pdf\">Juget, S. (2008) Identification et \u00e9valuation des populations de moyens et grands mammif\u00e8res et estimation pr\u00e9liminaire de l\u2019exploitation de la faune dans la Beekeeping Zone de Mlele, Tanzanie. Travail de dipl\u00f4me en gestion de la nature, Ecole d&#8217;ing\u00e9nieur de Lullier, Gen\u00e8ve, 99 p.<\/a><\/li>\n<li><a href=\"https:\/\/www.adap.ch\/en\/wp-content\/uploads\/2017\/12\/Dubois_TB_2008-1.pdf\">Dubois, C. (2008) Contraintes et potentialit\u00e9s du d\u00e9veloppement du tourisme durable dans la r\u00e9gion d&#8217;Inyonga, Tanzanie, M\u00e9moire de dipl\u00f4me, Ecole d&#8217;ing\u00e9nieur de Lullier, Gen\u00e8ve, 85p.<\/a><\/li>\n<li><a href=\"https:\/\/www.adap.ch\/en\/wp-content\/uploads\/2017\/12\/Kippes_TB_2007-1.pdf\">Kippes, B. (2007) Acteurs et enjeux de la gestion &lt;&gt; de la faune: L&#8217;exemple de la zone villageoise d&#8217;int\u00e9r\u00eat cyn\u00e9g\u00e9tique de Boumoana dans l&#8217;est burkinab\u00e9, M\u00e9moire DESS d&#8217;\u00e9cologie humaine, Universit\u00e9 de Lausanne, Lausanne, 196p.<\/a><\/li>\n<li><a href=\"https:\/\/www.adap.ch\/en\/wp-content\/uploads\/2017\/12\/Fesselet_TB_2006-1.pdf\">Fesselet, M. (2006) Tourisme de chasse et tourisme de vision: Compl\u00e9mentarit\u00e9 ou comp\u00e9tition?, M\u00e9moire de dipl\u00f4me, Ecole d&#8217;Ing\u00e9nieur de Lullier, Gen\u00e8ve, 87p.<\/a><\/li>\n<li><a href=\"https:\/\/www.adap.ch\/en\/wp-content\/uploads\/2017\/12\/Strinning_TB_2006-1.pdf\">Strinning, T. (2006) Evaluation de la contribution de la chasse sportive au d\u00e9veloppement des communaut\u00e9s et \u00e0 la conservation de la nature, M\u00e9moire de dipl\u00f4me, Ecole d&#8217;Ing\u00e9nieur de Lullier, Gen\u00e8ve, 100p.<\/a><\/li>\n<li><a href=\"https:\/\/www.adap.ch\/en\/wp-content\/uploads\/2017\/12\/Varet_TB_2006-1.pdf\">Varet, C. (2006) Etude d\u2019un projet de gestion communautaire : Mise en place du plan de gestion de la Beekeeping Zone d\u2019Inyonga, Ma\u00eetrise IUP M\u00e9tiers de la montagne, GAP, 69p.<\/a><\/li>\n<li><a href=\"https:\/\/www.adap.ch\/en\/wp-content\/uploads\/2017\/12\/Weber_TB_2006-1.pdf\">Weber, H. (2006) Classement de la Bee Reserve d&#8217;Inyonga, Tanzanie, et \u00e9tablissement d&#8217;un plan de gestion. M\u00e9moire de dipl\u00f4me, Ecole d&#8217;ing\u00e9nieur de Lullier, Gen\u00e8ve, 70 p.<\/a><\/li>\n<\/ul>\n<p><em>Disclaimer: The work is the product of student research and does not necessarily reflect the views of ADAP.<\/em><\/p>\n<\/div><\/div><\/div><\/div><\/div><\/div>\n","protected":false},"excerpt":{"rendered":"<p>ADAP projects have facilitated research partnerships with Swiss universities (HEPIA, UNIL, EPFL, IHEID), and Tanzanian universities (Sokoine University of Agriculture).\u00a0Undergraduate -, graduate -, as well as postgraduate students were part of their research teams. Scholarly articles Novovitch, L. H., Villard&hellip;<\/p>\n","protected":false},"author":1,"featured_media":1177,"parent":0,"menu_order":0,"comment_status":"closed","ping_status":"closed","template":"","meta":{"_acf_changed":false,"two_page_speed":null,"footnotes":""},"class_list":["post-204","page","type-page","status-publish","has-post-thumbnail","hentry"],"acf":[],"aioseo_notices":[],"_links":{"self":[{"href":"https:\/\/www.adap.ch\/en\/wp-json\/wp\/v2\/pages\/204","targetHints":{"allow":["GET"]}}],"collection":[{"href":"https:\/\/www.adap.ch\/en\/wp-json\/wp\/v2\/pages"}],"about":[{"href":"https:\/\/www.adap.ch\/en\/wp-json\/wp\/v2\/types\/page"}],"author":[{"embeddable":true,"href":"https:\/\/www.adap.ch\/en\/wp-json\/wp\/v2\/users\/1"}],"replies":[{"embeddable":true,"href":"https:\/\/www.adap.ch\/en\/wp-json\/wp\/v2\/comments?post=204"}],"version-history":[{"count":41,"href":"https:\/\/www.adap.ch\/en\/wp-json\/wp\/v2\/pages\/204\/revisions"}],"predecessor-version":[{"id":3415,"href":"https:\/\/www.adap.ch\/en\/wp-json\/wp\/v2\/pages\/204\/revisions\/3415"}],"wp:featuredmedia":[{"embeddable":true,"href":"https:\/\/www.adap.ch\/en\/wp-json\/wp\/v2\/media\/1177"}],"wp:attachment":[{"href":"https:\/\/www.adap.ch\/en\/wp-json\/wp\/v2\/media?parent=204"}],"curies":[{"name":"wp","href":"https:\/\/api.w.org\/{rel}","templated":true}]}}